{"id":91,"date":"2021-06-19T19:15:17","date_gmt":"2021-06-19T17:15:17","guid":{"rendered":"http:\/\/jop-steel.fr\/?page_id=91"},"modified":"2021-06-21T12:08:01","modified_gmt":"2021-06-21T10:08:01","slug":"accueil","status":"publish","type":"page","link":"https:\/\/jop-steel.fr\/","title":{"rendered":"Accueil"},"content":{"rendered":"\n<p class=\"has-black-color has-text-color has-medium-font-size\" style=\"line-height:1.7\">Site en construction. L&rsquo;\u00e9quipe JOP STEEL a h\u00e2te de vous le pr\u00e9senter.<\/p>\n\n\n\n<div class=\"wp-block-image\"><figure class=\"aligncenter size-large is-resized\"><img loading=\"lazy\" src=\"http:\/\/jop-steel.fr\/wp-content\/uploads\/2021\/06\/cropped-profile-logo-original.jpg\" alt=\"\" class=\"wp-image-116\" width=\"342\" height=\"342\" srcset=\"https:\/\/jop-steel.fr\/wp-content\/uploads\/2021\/06\/cropped-profile-logo-original.jpg 512w, https:\/\/jop-steel.fr\/wp-content\/uploads\/2021\/06\/cropped-profile-logo-original-300x300.jpg 300w, https:\/\/jop-steel.fr\/wp-content\/uploads\/2021\/06\/cropped-profile-logo-original-150x150.jpg 150w, https:\/\/jop-steel.fr\/wp-content\/uploads\/2021\/06\/cropped-profile-logo-original-100x100.jpg 100w, https:\/\/jop-steel.fr\/wp-content\/uploads\/2021\/06\/cropped-profile-logo-original-270x270.jpg 270w, https:\/\/jop-steel.fr\/wp-content\/uploads\/2021\/06\/cropped-profile-logo-original-192x192.jpg 192w, https:\/\/jop-steel.fr\/wp-content\/uploads\/2021\/06\/cropped-profile-logo-original-180x180.jpg 180w, https:\/\/jop-steel.fr\/wp-content\/uploads\/2021\/06\/cropped-profile-logo-original-32x32.jpg 32w\" sizes=\"(max-width: 342px) 100vw, 342px\" \/><\/figure><\/div>\n","protected":false},"excerpt":{"rendered":"<p>Site en construction. L&rsquo;\u00e9quipe JOP STEEL a h\u00e2te de vous le pr\u00e9senter.<\/p>\n","protected":false},"author":1,"featured_media":0,"parent":0,"menu_order":0,"comment_status":"closed","ping_status":"closed","template":"","meta":{"neve_meta_sidebar":"","neve_meta_container":"","neve_meta_enable_content_width":"","neve_meta_content_width":0,"neve_meta_title_alignment":"","neve_meta_author_avatar":"","neve_post_elements_order":"","neve_meta_disable_header":"","neve_meta_disable_footer":"","neve_meta_disable_title":""},"_links":{"self":[{"href":"https:\/\/jop-steel.fr\/index.php\/wp-json\/wp\/v2\/pages\/91"}],"collection":[{"href":"https:\/\/jop-steel.fr\/index.php\/wp-json\/wp\/v2\/pages"}],"about":[{"href":"https:\/\/jop-steel.fr\/index.php\/wp-json\/wp\/v2\/types\/page"}],"author":[{"embeddable":true,"href":"https:\/\/jop-steel.fr\/index.php\/wp-json\/wp\/v2\/users\/1"}],"replies":[{"embeddable":true,"href":"https:\/\/jop-steel.fr\/index.php\/wp-json\/wp\/v2\/comments?post=91"}],"version-history":[{"count":3,"href":"https:\/\/jop-steel.fr\/index.php\/wp-json\/wp\/v2\/pages\/91\/revisions"}],"predecessor-version":[{"id":135,"href":"https:\/\/jop-steel.fr\/index.php\/wp-json\/wp\/v2\/pages\/91\/revisions\/135"}],"wp:attachment":[{"href":"https:\/\/jop-steel.fr\/index.php\/wp-json\/wp\/v2\/media?parent=91"}],"curies":[{"name":"wp","href":"https:\/\/api.w.org\/{rel}","templated":true}]}}